{"id":477,"date":"2024-06-25T17:11:18","date_gmt":"2024-06-25T17:11:18","guid":{"rendered":"https:\/\/greentourproject.eu\/?page_id=477"},"modified":"2024-06-25T18:10:33","modified_gmt":"2024-06-25T18:10:33","slug":"privacy-policy","status":"publish","type":"page","link":"https:\/\/greentourproject.eu\/tr\/privacy-policy\/","title":{"rendered":"Gizlilik Politikas\u0131"},"content":{"rendered":"<div data-elementor-type=\"wp-page\" data-elementor-id=\"477\" class=\"elementor elementor-477\" data-elementor-post-type=\"page\">\n\t\t\t\t<div class=\"elementor-element elementor-element-7fb897c9 e-flex e-con-boxed e-con e-parent\" data-id=\"7fb897c9\" data-element_type=\"container\" data-e-type=\"container\" data-settings=\"{&quot;background_background&quot;:&quot;classic&quot;,&quot;animation&quot;:&quot;none&quot;}\">\n\t\t\t\t\t<div class=\"e-con-inner\">\n\t\t\t\t<div class=\"elementor-element elementor-element-5cf9a5d elementor-widget elementor-widget-heading\" data-id=\"5cf9a5d\" data-element_type=\"widget\" data-e-type=\"widget\" data-widget_type=\"heading.default\">\n\t\t\t\t<div class=\"elementor-widget-container\">\n\t\t\t\t\t<h2 class=\"elementor-heading-title elementor-size-default\">GREEN TOUR Gizlilik Politikas\u0131: Konukseverlikte S\u00fcrd\u00fcr\u00fclebilirlik<\/h2>\t\t\t\t<\/div>\n\t\t\t\t<\/div>\n\t\t\t\t<div class=\"elementor-element elementor-element-c7db937 elementor-widget elementor-widget-spacer\" data-id=\"c7db937\" data-element_type=\"widget\" data-e-type=\"widget\" data-widget_type=\"spacer.default\">\n\t\t\t\t<div class=\"elementor-widget-container\">\n\t\t\t\t\t\t\t<div class=\"elementor-spacer\">\n\t\t\t<div class=\"elementor-spacer-inner\"><\/div>\n\t\t<\/div>\n\t\t\t\t\t\t<\/div>\n\t\t\t\t<\/div>\n\t\t\t\t<div class=\"elementor-element elementor-element-bd14aa1 elementor-widget elementor-widget-heading\" data-id=\"bd14aa1\" data-element_type=\"widget\" data-e-type=\"widget\" data-widget_type=\"heading.default\">\n\t\t\t\t<div class=\"elementor-widget-container\">\n\t\t\t\t\t<h2 class=\"elementor-heading-title elementor-size-default\">G\u0130R\u0130\u015e<\/h2>\t\t\t\t<\/div>\n\t\t\t\t<\/div>\n\t\t\t\t<div class=\"elementor-element elementor-element-46a5cc1 elementor-widget elementor-widget-text-editor\" data-id=\"46a5cc1\" data-element_type=\"widget\" data-e-type=\"widget\" data-widget_type=\"text-editor.default\">\n\t\t\t\t<div class=\"elementor-widget-container\">\n\t\t\t\t\t\t\t\t\t<p><span style=\"font-weight: 400;\">GREEN TOUR: Konukseverlikte S\u00fcrd\u00fcr\u00fclebilirlik (bundan b\u00f6yle \"Proje\" olarak an\u0131lacakt\u0131r) gizlili\u011finizi korumay\u0131 taahh\u00fct eder. Bu Gizlilik Politikas\u0131, Genel Veri Koruma Y\u00f6netmeli\u011fi (GDPR) ve di\u011fer ge\u00e7erli veri koruma yasalar\u0131 uyar\u0131nca verilerinizi nas\u0131l toplad\u0131\u011f\u0131m\u0131z\u0131, kulland\u0131\u011f\u0131m\u0131z\u0131 ve korudu\u011fumuzu \u00f6zetlemektedir.<\/span><\/p>\t\t\t\t\t\t\t\t<\/div>\n\t\t\t\t<\/div>\n\t\t\t\t<div class=\"elementor-element elementor-element-1e03c3a elementor-widget elementor-widget-heading\" data-id=\"1e03c3a\" data-element_type=\"widget\" data-e-type=\"widget\" data-widget_type=\"heading.default\">\n\t\t\t\t<div class=\"elementor-widget-container\">\n\t\t\t\t\t<h2 class=\"elementor-heading-title elementor-size-default\">VERI\u0307 DENETLEY\u0130C\u0130S\u0130<\/h2>\t\t\t\t<\/div>\n\t\t\t\t<\/div>\n\t\t\t\t<div class=\"elementor-element elementor-element-87e3b1e elementor-widget elementor-widget-text-editor\" data-id=\"87e3b1e\" data-element_type=\"widget\" data-e-type=\"widget\" data-widget_type=\"text-editor.default\">\n\t\t\t\t<div class=\"elementor-widget-container\">\n\t\t\t\t\t\t\t\t\t<p><span style=\"font-weight: 400;\">Verilerinizden sorumlu veri denetleyicisi:<\/span><\/p><ul><li style=\"font-weight: 400;\" aria-level=\"1\"><span style=\"font-weight: 400;\">Ramona Dogaru<\/span><\/li><li style=\"font-weight: 400;\" aria-level=\"1\"><span style=\"font-weight: 400;\">Sud Konsept<\/span><\/li><li style=\"font-weight: 400;\" aria-level=\"1\"><span style=\"font-weight: 400;\">Couvent des Capanelle, Route de Ville 20200 Bastia<\/span><\/li><li style=\"font-weight: 400;\" aria-level=\"1\"><span style=\"font-weight: 400;\">E-posta: <\/span><a href=\"mailto:r.dogaru@gmail.com\"><span style=\"font-weight: 400;\">r.dogaru@gmail.com<\/span><\/a><span style=\"font-weight: 400;\">\u00a0<\/span><\/li><li style=\"font-weight: 400;\" aria-level=\"1\"><span style=\"font-weight: 400;\">04 95 38 01 03 (Fransa)<\/span><\/li><\/ul>\t\t\t\t\t\t\t\t<\/div>\n\t\t\t\t<\/div>\n\t\t\t\t<div class=\"elementor-element elementor-element-802d94c elementor-widget elementor-widget-heading\" data-id=\"802d94c\" data-element_type=\"widget\" data-e-type=\"widget\" data-widget_type=\"heading.default\">\n\t\t\t\t<div class=\"elementor-widget-container\">\n\t\t\t\t\t<h2 class=\"elementor-heading-title elementor-size-default\">VERI\u0307 TOPLAMA<\/h2>\t\t\t\t<\/div>\n\t\t\t\t<\/div>\n\t\t\t\t<div class=\"elementor-element elementor-element-3f0251c elementor-widget elementor-widget-text-editor\" data-id=\"3f0251c\" data-element_type=\"widget\" data-e-type=\"widget\" data-widget_type=\"text-editor.default\">\n\t\t\t\t<div class=\"elementor-widget-container\">\n\t\t\t\t\t\t\t\t\t<p><span style=\"font-weight: 400;\">Erasmus+ taraf\u0131ndan finanse edilen Projenin uygulanmas\u0131 i\u00e7in gerekli ki\u015fisel verileri topluyor ve i\u015fliyoruz. Toplad\u0131\u011f\u0131m\u0131z ki\u015fisel veri t\u00fcrleri \u015funlard\u0131r:<\/span><\/p><ul><li style=\"font-weight: 400;\" aria-level=\"1\"><span style=\"font-weight: 400;\">\u0130leti\u015fim bilgileri (isim, adres, e-posta, telefon numaras\u0131)<\/span><\/li><li style=\"font-weight: 400;\" aria-level=\"1\"><span style=\"font-weight: 400;\">Demografik bilgiler (ya\u015f, cinsiyet, milliyet)<\/span><\/li><li style=\"font-weight: 400;\" aria-level=\"1\"><span style=\"font-weight: 400;\">E\u011fitim ve i\u015f ge\u00e7mi\u015fi<\/span><\/li><li style=\"font-weight: 400;\" aria-level=\"1\"><span style=\"font-weight: 400;\">Proje faaliyetlerine kat\u0131l\u0131m kay\u0131tlar\u0131<\/span><\/li><li style=\"font-weight: 400;\" aria-level=\"1\"><span style=\"font-weight: 400;\">Geri bildirim ve anket yan\u0131tlar\u0131<\/span><\/li><li style=\"font-weight: 400;\" aria-level=\"1\"><span style=\"font-weight: 400;\">Proje etkinliklerinden foto\u011fraflar ve videolar<\/span><\/li><\/ul>\t\t\t\t\t\t\t\t<\/div>\n\t\t\t\t<\/div>\n\t\t\t\t<div class=\"elementor-element elementor-element-c73e92b elementor-widget elementor-widget-heading\" data-id=\"c73e92b\" data-element_type=\"widget\" data-e-type=\"widget\" data-widget_type=\"heading.default\">\n\t\t\t\t<div class=\"elementor-widget-container\">\n\t\t\t\t\t<h2 class=\"elementor-heading-title elementor-size-default\">I\u0307\u015eLEME I\u0307\u00c7I\u0307N YASAL DAYANAK\n<\/h2>\t\t\t\t<\/div>\n\t\t\t\t<\/div>\n\t\t\t\t<div class=\"elementor-element elementor-element-c117566 elementor-widget elementor-widget-text-editor\" data-id=\"c117566\" data-element_type=\"widget\" data-e-type=\"widget\" data-widget_type=\"text-editor.default\">\n\t\t\t\t<div class=\"elementor-widget-container\">\n\t\t\t\t\t\t\t\t\t<p><span style=\"font-weight: 400;\">Ki\u015fisel verileri a\u015fa\u011f\u0131daki yasal gerek\u00e7elere dayanarak i\u015fliyoruz:<\/span><\/p><ol><li style=\"font-weight: 400;\" aria-level=\"1\"><span style=\"font-weight: 400;\">R\u0131za: Belirli ama\u00e7lar i\u00e7in a\u00e7\u0131k r\u0131zan\u0131z\u0131 verdi\u011finizde (\u00f6rne\u011fin, haber b\u00fcltenleri almak, anketlere kat\u0131lmak).<\/span><\/li><li style=\"font-weight: 400;\" aria-level=\"1\"><span style=\"font-weight: 400;\">S\u00f6zle\u015fme Gereklili\u011fi: Erasmus+ hibe s\u00f6zle\u015fmesi ve ilgili faaliyetler kapsam\u0131ndaki y\u00fck\u00fcml\u00fcl\u00fcklerimizi yerine getirmek i\u00e7in.<\/span><\/li><li style=\"font-weight: 400;\" aria-level=\"1\"><span style=\"font-weight: 400;\">Yasal Y\u00fck\u00fcml\u00fcl\u00fck: Yasal gerekliliklere ve raporlama y\u00fck\u00fcml\u00fcl\u00fcklerine uymak.<\/span><\/li><li style=\"font-weight: 400;\" aria-level=\"1\"><span style=\"font-weight: 400;\">Me\u015fru Menfaatler: Menfaatlerinizin ve temel haklar\u0131n\u0131z\u0131n bu menfaatlerin \u00f6n\u00fcne ge\u00e7memesi kayd\u0131yla proje faaliyetlerimizi y\u00f6netmek ve iyile\u015ftirmek.<\/span><\/li><\/ol>\t\t\t\t\t\t\t\t<\/div>\n\t\t\t\t<\/div>\n\t\t\t\t<div class=\"elementor-element elementor-element-8caf200 elementor-widget elementor-widget-heading\" data-id=\"8caf200\" data-element_type=\"widget\" data-e-type=\"widget\" data-widget_type=\"heading.default\">\n\t\t\t\t<div class=\"elementor-widget-container\">\n\t\t\t\t\t<h2 class=\"elementor-heading-title elementor-size-default\">VER\u0130 KULLANIMI<\/h2>\t\t\t\t<\/div>\n\t\t\t\t<\/div>\n\t\t\t\t<div class=\"elementor-element elementor-element-ca8aca9 elementor-widget elementor-widget-text-editor\" data-id=\"ca8aca9\" data-element_type=\"widget\" data-e-type=\"widget\" data-widget_type=\"text-editor.default\">\n\t\t\t\t<div class=\"elementor-widget-container\">\n\t\t\t\t\t\t\t\t\t<p><span style=\"font-weight: 400;\">Verilerinizi a\u015fa\u011f\u0131daki ama\u00e7lar i\u00e7in kullan\u0131yoruz:<\/span><\/p><ul><li style=\"font-weight: 400;\" aria-level=\"1\"><span style=\"font-weight: 400;\">Projeyi y\u00f6netmek ve y\u00fcr\u00fctmek<\/span><\/li><li style=\"font-weight: 400;\" aria-level=\"1\"><span style=\"font-weight: 400;\">Kat\u0131l\u0131mc\u0131lar ve payda\u015flarla ileti\u015fim<\/span><\/li><li style=\"font-weight: 400;\" aria-level=\"1\"><span style=\"font-weight: 400;\">Proje faaliyetlerinin izlenmesi ve de\u011ferlendirilmesi<\/span><\/li><li style=\"font-weight: 400;\" aria-level=\"1\"><span style=\"font-weight: 400;\">Erasmus+ ve di\u011fer ilgili makamlara raporlama<\/span><\/li><li style=\"font-weight: 400;\" aria-level=\"1\"><span style=\"font-weight: 400;\">Proje etkinliklerinin ve sonu\u00e7lar\u0131n\u0131n tan\u0131t\u0131lmas\u0131 (foto\u011fraflar\/videolar i\u00e7in izin al\u0131narak)<\/span><\/li><li style=\"font-weight: 400;\" aria-level=\"1\"><span style=\"font-weight: 400;\">Hizmetlerimizi ve proje sonu\u00e7lar\u0131m\u0131z\u0131 iyile\u015ftirmek<\/span><\/li><\/ul>\t\t\t\t\t\t\t\t<\/div>\n\t\t\t\t<\/div>\n\t\t\t\t<div class=\"elementor-element elementor-element-5a4536a elementor-widget elementor-widget-heading\" data-id=\"5a4536a\" data-element_type=\"widget\" data-e-type=\"widget\" data-widget_type=\"heading.default\">\n\t\t\t\t<div class=\"elementor-widget-container\">\n\t\t\t\t\t<h2 class=\"elementor-heading-title elementor-size-default\">VER\u0130 PAYLA\u015eIMI\n<\/h2>\t\t\t\t<\/div>\n\t\t\t\t<\/div>\n\t\t\t\t<div class=\"elementor-element elementor-element-3060739 elementor-widget elementor-widget-text-editor\" data-id=\"3060739\" data-element_type=\"widget\" data-e-type=\"widget\" data-widget_type=\"text-editor.default\">\n\t\t\t\t<div class=\"elementor-widget-container\">\n\t\t\t\t\t\t\t\t\t<p><span style=\"font-weight: 400;\">Verilerinizi \u015fu ki\u015filerle payla\u015fabiliriz:<\/span><\/p><ul><li style=\"font-weight: 400;\" aria-level=\"1\"><span style=\"font-weight: 400;\">Erasmus+ Ulusal Ajanslar\u0131 ve Avrupa Komisyonu<\/span><\/li><li style=\"font-weight: 400;\" aria-level=\"1\"><span style=\"font-weight: 400;\">Proje ortaklar\u0131 ve i\u015fbirlik\u00e7ileri<\/span><\/li><li style=\"font-weight: 400;\" aria-level=\"1\"><span style=\"font-weight: 400;\">Proje faaliyetlerine yard\u0131mc\u0131 olan tedarik\u00e7iler ve y\u00fckleniciler<\/span><\/li><li style=\"font-weight: 400;\" aria-level=\"1\"><span style=\"font-weight: 400;\">Gerekirse yasal ve idari makamlar<\/span><\/li><\/ul><p><span style=\"font-weight: 400;\">T\u00fcm veri kullan\u0131c\u0131lar\u0131n\u0131n uygun veri koruma standartlar\u0131na uymas\u0131n\u0131 sa\u011flamaktay\u0131z.<\/span><\/p>\t\t\t\t\t\t\t\t<\/div>\n\t\t\t\t<\/div>\n\t\t\t\t<div class=\"elementor-element elementor-element-1bae3df elementor-widget elementor-widget-heading\" data-id=\"1bae3df\" data-element_type=\"widget\" data-e-type=\"widget\" data-widget_type=\"heading.default\">\n\t\t\t\t<div class=\"elementor-widget-container\">\n\t\t\t\t\t<h2 class=\"elementor-heading-title elementor-size-default\">VER\u0130 PAYLA\u015eIMI\n<\/h2>\t\t\t\t<\/div>\n\t\t\t\t<\/div>\n\t\t\t\t<div class=\"elementor-element elementor-element-883c78d elementor-widget elementor-widget-text-editor\" data-id=\"883c78d\" data-element_type=\"widget\" data-e-type=\"widget\" data-widget_type=\"text-editor.default\">\n\t\t\t\t<div class=\"elementor-widget-container\">\n\t\t\t\t\t\t\t\t\t<p><span style=\"font-weight: 400;\">Verilerinizi yaln\u0131zca toplan\u0131\u015f ama\u00e7lar\u0131n\u0131 yerine getirmek ve yasal y\u00fck\u00fcml\u00fcl\u00fcklere uymak i\u00e7in gereken s\u00fcre boyunca saklamaktay\u0131z. Bu s\u00fcrenin sonunda verileriniz g\u00fcvenli bir \u015fekilde silinecek veya anonim hale getirilecektir.<\/span><\/p>\t\t\t\t\t\t\t\t<\/div>\n\t\t\t\t<\/div>\n\t\t\t\t<div class=\"elementor-element elementor-element-b2b4f45 elementor-widget elementor-widget-heading\" data-id=\"b2b4f45\" data-element_type=\"widget\" data-e-type=\"widget\" data-widget_type=\"heading.default\">\n\t\t\t\t<div class=\"elementor-widget-container\">\n\t\t\t\t\t<h2 class=\"elementor-heading-title elementor-size-default\">HAKLARINIZ<\/h2>\t\t\t\t<\/div>\n\t\t\t\t<\/div>\n\t\t\t\t<div class=\"elementor-element elementor-element-effab5e elementor-widget elementor-widget-text-editor\" data-id=\"effab5e\" data-element_type=\"widget\" data-e-type=\"widget\" data-widget_type=\"text-editor.default\">\n\t\t\t\t<div class=\"elementor-widget-container\">\n\t\t\t\t\t\t\t\t\t<p><span style=\"font-weight: 400;\">GDPR kapsam\u0131nda verilerinizle ilgili olarak a\u015fa\u011f\u0131daki haklara sahipsiniz:<\/span><\/p><ul><li style=\"font-weight: 400;\" aria-level=\"1\"><span style=\"font-weight: 400;\">Eri\u015fim Hakk\u0131: Hakk\u0131n\u0131zda tuttu\u011fumuz ki\u015fisel verilerin bir kopyas\u0131n\u0131 talep edebilirsiniz.<\/span><\/li><li style=\"font-weight: 400;\" aria-level=\"1\"><span style=\"font-weight: 400;\">D\u00fczeltme Hakk\u0131: Yanl\u0131\u015f veya eksik verilerin d\u00fczeltilmesini talep edebilirsiniz.<\/span><\/li><li style=\"font-weight: 400;\" aria-level=\"1\"><span style=\"font-weight: 400;\">Silme Hakk\u0131: Verilerinizin belirli ko\u015fullar alt\u0131nda silinmesini talep edebilirsiniz.<\/span><\/li><li style=\"font-weight: 400;\" aria-level=\"1\"><span style=\"font-weight: 400;\">Veri \u0130\u015flemeyi K\u0131s\u0131tlama Hakk\u0131: Belirli ko\u015fullar alt\u0131nda verilerin i\u015flenmesinin k\u0131s\u0131tlanmas\u0131n\u0131 talep edebilirsiniz.<\/span><\/li><li style=\"font-weight: 400;\" aria-level=\"1\"><span style=\"font-weight: 400;\">Veri Ta\u015f\u0131nabilirli\u011fi Hakk\u0131: Verilerinizin ba\u015fka bir kurulu\u015fa aktar\u0131lmas\u0131n\u0131 talep edebilirsiniz.<\/span><\/li><li style=\"font-weight: 400;\" aria-level=\"1\"><span style=\"font-weight: 400;\">\u0130tiraz Hakk\u0131: Belirli ko\u015fullar alt\u0131nda verilerinizin i\u015flenmesine itiraz edebilirsiniz.<\/span><\/li><li style=\"font-weight: 400;\" aria-level=\"1\"><span style=\"font-weight: 400;\">Onay\u0131 Geri \u00c7ekme Hakk\u0131: Verilerinizin i\u015flenmesi i\u00e7in r\u0131zan\u0131n temel te\u015fkil etti\u011fi durumlarda r\u0131zan\u0131z\u0131 istedi\u011finiz zaman geri \u00e7ekebilirsiniz.<\/span><\/li><\/ul><p><span style=\"font-weight: 400;\">Bu haklar\u0131 kullanmak i\u00e7in l\u00fctfen yukar\u0131da verilen ileti\u015fim bilgilerini kullanarak veri denetleyicisiyle ileti\u015fime ge\u00e7in.<\/span><\/p>\t\t\t\t\t\t\t\t<\/div>\n\t\t\t\t<\/div>\n\t\t\t\t<div class=\"elementor-element elementor-element-a269064 elementor-widget elementor-widget-heading\" data-id=\"a269064\" data-element_type=\"widget\" data-e-type=\"widget\" data-widget_type=\"heading.default\">\n\t\t\t\t<div class=\"elementor-widget-container\">\n\t\t\t\t\t<h2 class=\"elementor-heading-title elementor-size-default\">G\u00dcVENL\u0130K<\/h2>\t\t\t\t<\/div>\n\t\t\t\t<\/div>\n\t\t\t\t<div class=\"elementor-element elementor-element-0da0330 elementor-widget elementor-widget-text-editor\" data-id=\"0da0330\" data-element_type=\"widget\" data-e-type=\"widget\" data-widget_type=\"text-editor.default\">\n\t\t\t\t<div class=\"elementor-widget-container\">\n\t\t\t\t\t\t\t\t\t<p><span style=\"font-weight: 400;\">Verilerinizi yetkisiz eri\u015fim, kay\u0131p veya zarara kar\u015f\u0131 korumak i\u00e7in uygun teknik ve organizasyonel \u00f6nlemleri almaktay\u0131z.<\/span><\/p>\t\t\t\t\t\t\t\t<\/div>\n\t\t\t\t<\/div>\n\t\t\t\t<div class=\"elementor-element elementor-element-e2438c7 elementor-widget elementor-widget-heading\" data-id=\"e2438c7\" data-element_type=\"widget\" data-e-type=\"widget\" data-widget_type=\"heading.default\">\n\t\t\t\t<div class=\"elementor-widget-container\">\n\t\t\t\t\t<h2 class=\"elementor-heading-title elementor-size-default\">BU POLI\u0307TI\u0307KADAKI\u0307 DE\u011eI\u0307\u015eI\u0307KLI\u0307KLER<\/h2>\t\t\t\t<\/div>\n\t\t\t\t<\/div>\n\t\t\t\t<div class=\"elementor-element elementor-element-47ad2f2 elementor-widget elementor-widget-text-editor\" data-id=\"47ad2f2\" data-element_type=\"widget\" data-e-type=\"widget\" data-widget_type=\"text-editor.default\">\n\t\t\t\t<div class=\"elementor-widget-container\">\n\t\t\t\t\t\t\t\t\t<p><span style=\"font-weight: 400;\">Bu Gizlilik Politikas\u0131 zaman zaman g\u00fcncellenebilir. Her t\u00fcrl\u00fc de\u011fi\u015fiklik web sitemizde yay\u0131nlanacak ve uygun oldu\u011fu durumlarda size e-posta ile bildirilecektir.<\/span><\/p>\t\t\t\t\t\t\t\t<\/div>\n\t\t\t\t<\/div>\n\t\t\t\t<div class=\"elementor-element elementor-element-55463d0 elementor-widget elementor-widget-heading\" data-id=\"55463d0\" data-element_type=\"widget\" data-e-type=\"widget\" data-widget_type=\"heading.default\">\n\t\t\t\t<div class=\"elementor-widget-container\">\n\t\t\t\t\t<h2 class=\"elementor-heading-title elementor-size-default\">B\u0130ZE ULA\u015eIN\n<\/h2>\t\t\t\t<\/div>\n\t\t\t\t<\/div>\n\t\t\t\t<div class=\"elementor-element elementor-element-52944f6 elementor-widget elementor-widget-text-editor\" data-id=\"52944f6\" data-element_type=\"widget\" data-e-type=\"widget\" data-widget_type=\"text-editor.default\">\n\t\t\t\t<div class=\"elementor-widget-container\">\n\t\t\t\t\t\t\t\t\t<p><span style=\"font-weight: 400;\">Bu Gizlilik Politikas\u0131 veya veri i\u015fleme uygulamalar\u0131m\u0131z hakk\u0131nda herhangi bir sorunuz veya endi\u015feniz varsa l\u00fctfen bizimle ileti\u015fime ge\u00e7in.<\/span><\/p><ul><li style=\"font-weight: 400;\" aria-level=\"1\"><span style=\"font-weight: 400;\">Ramona Dogaru<\/span><\/li><li style=\"font-weight: 400;\" aria-level=\"1\"><span style=\"font-weight: 400;\">Sud Konsept<\/span><\/li><li style=\"font-weight: 400;\" aria-level=\"1\"><span style=\"font-weight: 400;\">Couvent des Capanelle, Route de Ville 20200 Bastia<\/span><\/li><li style=\"font-weight: 400;\" aria-level=\"1\"><span style=\"font-weight: 400;\">E-posta: <\/span><a href=\"mailto:r.dogaru@gmail.com\"><span style=\"font-weight: 400;\">r.dogaru@gmail.com<\/span><\/a><\/li><li style=\"font-weight: 400;\" aria-level=\"1\"><span style=\"font-weight: 400;\">04 95 38 01 03 (Fransa)<\/span><\/li><\/ul>\t\t\t\t\t\t\t\t<\/div>\n\t\t\t\t<\/div>\n\t\t\t\t\t<\/div>\n\t\t\t\t<\/div>\n\t\t\t\t<\/div>","protected":false},"excerpt":{"rendered":"<p>Privacy Policy for GREENTOUR: Sustainability in Hospitality Introduction GREENTOUR: Sustainability in Hospitality (hereinafter referred to as &#8220;the Project&#8221;) is committed to protecting your privacy. This Privacy Policy outlines how we collect, use, and safeguard your data per the General Data Protection Regulation (GDPR) and other applicable data protection laws. Data Controller The data controller responsible [&hellip;]<\/p>\n","protected":false},"author":2,"featured_media":0,"parent":0,"menu_order":0,"comment_status":"closed","ping_status":"closed","template":"","meta":{"footnotes":""},"class_list":["post-477","page","type-page","status-publish","hentry"],"_links":{"self":[{"href":"https:\/\/greentourproject.eu\/tr\/wp-json\/wp\/v2\/pages\/477","targetHints":{"allow":["GET"]}}],"collection":[{"href":"https:\/\/greentourproject.eu\/tr\/wp-json\/wp\/v2\/pages"}],"about":[{"href":"https:\/\/greentourproject.eu\/tr\/wp-json\/wp\/v2\/types\/page"}],"author":[{"embeddable":true,"href":"https:\/\/greentourproject.eu\/tr\/wp-json\/wp\/v2\/users\/2"}],"replies":[{"embeddable":true,"href":"https:\/\/greentourproject.eu\/tr\/wp-json\/wp\/v2\/comments?post=477"}],"version-history":[{"count":10,"href":"https:\/\/greentourproject.eu\/tr\/wp-json\/wp\/v2\/pages\/477\/revisions"}],"predecessor-version":[{"id":530,"href":"https:\/\/greentourproject.eu\/tr\/wp-json\/wp\/v2\/pages\/477\/revisions\/530"}],"wp:attachment":[{"href":"https:\/\/greentourproject.eu\/tr\/wp-json\/wp\/v2\/media?parent=477"}],"curies":[{"name":"wp","href":"https:\/\/api.w.org\/{rel}","templated":true}]}}